{"id":189,"date":"2024-12-22T16:16:29","date_gmt":"2024-12-22T19:16:29","guid":{"rendered":"https:\/\/fooddigitall.com\/?page_id=189"},"modified":"2024-12-22T17:28:13","modified_gmt":"2024-12-22T20:28:13","slug":"food-digitall","status":"publish","type":"page","link":"https:\/\/fooddigitall.com\/","title":{"rendered":"Food Digitall"},"content":{"rendered":"\t\t<div data-elementor-type=\"wp-page\" data-elementor-id=\"189\" class=\"elementor elementor-189\">\n\t\t\t\t<div class=\"elementor-element elementor-element-c64e759 e-flex e-con-boxed e-con e-parent\" data-id=\"c64e759\" data-element_type=\"container\" data-settings=\"{&quot;background_background&quot;:&quot;classic&quot;}\">\n\t\t\t\t\t<div class=\"e-con-inner\">\n\t\t<div class=\"elementor-element elementor-element-849b06c e-con-full elementor-hidden-mobile e-flex e-con e-child\" data-id=\"849b06c\" data-element_type=\"container\">\n\t\t\t\t<div class=\"elementor-element elementor-element-923c293 elementor-widget elementor-widget-image\" data-id=\"923c293\" data-element_type=\"widget\" data-widget_type=\"image.default\">\n\t\t\t\t<div class=\"elementor-widget-container\">\n\t\t\t<style>\/*! elementor - v3.22.0 - 26-06-2024 *\/\n.elementor-widget-image{text-align:center}.elementor-widget-image a{display:inline-block}.elementor-widget-image a img[src$=\".svg\"]{width:48px}.elementor-widget-image img{vertical-align:middle;display:inline-block}<\/style>\t\t\t\t\t\t\t\t\t\t<img fetchpriority=\"high\" decoding=\"async\" width=\"1024\" height=\"576\" src=\"https:\/\/fooddigitall.com\/wp-content\/uploads\/2024\/12\/hamburguer-1024x576.png\" class=\"attachment-large size-large wp-image-248\" alt=\"\" srcset=\"https:\/\/fooddigitall.com\/wp-content\/uploads\/2024\/12\/hamburguer-1024x576.png 1024w, https:\/\/fooddigitall.com\/wp-content\/uploads\/2024\/12\/hamburguer-300x169.png 300w, https:\/\/fooddigitall.com\/wp-content\/uploads\/2024\/12\/hamburguer-768x432.png 768w, https:\/\/fooddigitall.com\/wp-content\/uploads\/2024\/12\/hamburguer-1536x864.png 1536w, https:\/\/fooddigitall.com\/wp-content\/uploads\/2024\/12\/hamburguer.png 1920w\" sizes=\"(max-width: 1024px) 100vw, 1024px\" \/>\t\t\t\t\t\t\t\t\t\t\t\t\t<\/div>\n\t\t\t\t<\/div>\n\t\t\t\t<\/div>\n\t\t<div class=\"elementor-element elementor-element-1748ef2 e-con-full e-flex e-con e-child\" data-id=\"1748ef2\" data-element_type=\"container\">\n\t\t\t\t<div class=\"elementor-element elementor-element-2f014cb elementor-widget elementor-widget-heading\" data-id=\"2f014cb\" data-element_type=\"widget\" data-widget_type=\"heading.default\">\n\t\t\t\t<div class=\"elementor-widget-container\">\n\t\t\t<style>\/*! elementor - v3.22.0 - 26-06-2024 *\/\n.elementor-heading-title{padding:0;margin:0;line-height:1}.elementor-widget-heading .elementor-heading-title[class*=elementor-size-]>a{color:inherit;font-size:inherit;line-height:inherit}.elementor-widget-heading .elementor-heading-title.elementor-size-small{font-size:15px}.elementor-widget-heading .elementor-heading-title.elementor-size-medium{font-size:19px}.elementor-widget-heading .elementor-heading-title.elementor-size-large{font-size:29px}.elementor-widget-heading .elementor-heading-title.elementor-size-xl{font-size:39px}.elementor-widget-heading .elementor-heading-title.elementor-size-xxl{font-size:59px}<\/style><h1 class=\"elementor-heading-title elementor-size-default\">FOOD DIGITALL<\/h1>\t\t<\/div>\n\t\t\t\t<\/div>\n\t\t\t\t<div class=\"elementor-element elementor-element-31e8a6a elementor-widget elementor-widget-heading\" data-id=\"31e8a6a\" data-element_type=\"widget\" data-widget_type=\"heading.default\">\n\t\t\t\t<div class=\"elementor-widget-container\">\n\t\t\t<h2 class=\"elementor-heading-title elementor-size-default\">Nosso objetivo \u00e9 bater o <b style=\"color:#FF4000;\" !important> recorde de faturamento <\/b> do seu neg\u00f3cio e tornar sua marca uma refer\u00eancia na sua regi\u00e3o.<\/h2>\t\t<\/div>\n\t\t\t\t<\/div>\n\t\t\t\t<div class=\"elementor-element elementor-element-7873f48 elementor-widget elementor-widget-heading\" data-id=\"7873f48\" data-element_type=\"widget\" data-widget_type=\"heading.default\">\n\t\t\t\t<div class=\"elementor-widget-container\">\n\t\t\t<h3 class=\"elementor-heading-title elementor-size-default\">Sem d\u00favida esse \u00e9 o investimento mais lucrativo que voc\u00ea pode fazer em seu neg\u00f3cio!<\/h3>\t\t<\/div>\n\t\t\t\t<\/div>\n\t\t\t\t<div class=\"elementor-element elementor-element-90d36bc elementor-widget elementor-widget-button\" data-id=\"90d36bc\" data-element_type=\"widget\" data-widget_type=\"button.default\">\n\t\t\t\t<div class=\"elementor-widget-container\">\n\t\t\t\t\t<div class=\"elementor-button-wrapper\">\n\t\t\t<a class=\"elementor-button elementor-button-link elementor-size-sm\" href=\"http:\/\/form.respondi.app\/JLV2hpzV\">\n\t\t\t\t\t\t<span class=\"elementor-button-content-wrapper\">\n\t\t\t\t\t\t<span class=\"elementor-button-icon\">\n\t\t\t\t<svg aria-hidden=\"true\" class=\"e-font-icon-svg e-fas-arrow-right\" viewBox=\"0 0 448 512\" xmlns=\"http:\/\/www.w3.org\/2000\/svg\"><path d=\"M190.5 66.9l22.2-22.2c9.4-9.4 24.6-9.4 33.9 0L441 239c9.4 9.4 9.4 24.6 0 33.9L246.6 467.3c-9.4 9.4-24.6 9.4-33.9 0l-22.2-22.2c-9.5-9.5-9.3-25 .4-34.3L311.4 296H24c-13.3 0-24-10.7-24-24v-32c0-13.3 10.7-24 24-24h287.4L190.9 101.2c-9.8-9.3-10-24.8-.4-34.3z\"><\/path><\/svg>\t\t\t<\/span>\n\t\t\t\t\t\t\t\t\t<span class=\"elementor-button-text\">QUERO VENDER MAIS<\/span>\n\t\t\t\t\t<\/span>\n\t\t\t\t\t<\/a>\n\t\t<\/div>\n\t\t\t\t<\/div>\n\t\t\t\t<\/div>\n\t\t\t\t<\/div>\n\t\t\t\t\t<\/div>\n\t\t\t\t<\/div>\n\t\t\t\t<\/div>\n\t\t","protected":false},"excerpt":{"rendered":"<p>FOOD DIGITALL Nosso objetivo \u00e9 bater o recorde de faturamento do seu neg\u00f3cio e tornar sua marca uma refer\u00eancia na sua regi\u00e3o. Sem d\u00favida esse \u00e9 o investimento mais lucrativo que voc\u00ea pode fazer em seu neg\u00f3cio! QUERO VENDER MAIS<\/p>\n","protected":false},"author":1,"featured_media":0,"parent":0,"menu_order":0,"comment_status":"closed","ping_status":"closed","template":"elementor_canvas","meta":{"footnotes":""},"_links":{"self":[{"href":"https:\/\/fooddigitall.com\/index.php\/wp-json\/wp\/v2\/pages\/189"}],"collection":[{"href":"https:\/\/fooddigitall.com\/index.php\/wp-json\/wp\/v2\/pages"}],"about":[{"href":"https:\/\/fooddigitall.com\/index.php\/wp-json\/wp\/v2\/types\/page"}],"author":[{"embeddable":true,"href":"https:\/\/fooddigitall.com\/index.php\/wp-json\/wp\/v2\/users\/1"}],"replies":[{"embeddable":true,"href":"https:\/\/fooddigitall.com\/index.php\/wp-json\/wp\/v2\/comments?post=189"}],"version-history":[{"count":68,"href":"https:\/\/fooddigitall.com\/index.php\/wp-json\/wp\/v2\/pages\/189\/revisions"}],"predecessor-version":[{"id":265,"href":"https:\/\/fooddigitall.com\/index.php\/wp-json\/wp\/v2\/pages\/189\/revisions\/265"}],"wp:attachment":[{"href":"https:\/\/fooddigitall.com\/index.php\/wp-json\/wp\/v2\/media?parent=189"}],"curies":[{"name":"wp","href":"https:\/\/api.w.org\/{rel}","templated":true}]}}